{"id":5228,"date":"2023-11-13T20:49:46","date_gmt":"2023-11-13T20:49:46","guid":{"rendered":"https:\/\/playe.mx\/?page_id=5228"},"modified":"2023-11-13T20:55:38","modified_gmt":"2023-11-13T20:55:38","slug":"terminos-condiciones-emplayadora","status":"publish","type":"page","link":"https:\/\/playe.mx\/en\/terminos-condiciones-emplayadora\/","title":{"rendered":"T\u00e9rminos y condiciones promo emplayadora"},"content":{"rendered":"<div data-elementor-type=\"wp-page\" data-elementor-id=\"5228\" class=\"elementor elementor-5228\" data-elementor-settings=\"{&quot;ha_cmc_init_switcher&quot;:&quot;no&quot;}\">\n\t\t\t\t\t\t<section class=\"elementor-section elementor-top-section elementor-element elementor-element-6ac85b2 elementor-section-boxed elementor-section-height-default elementor-section-height-default exad-glass-effect-no wpr-particle-no wpr-jarallax-no wpr-parallax-no wpr-sticky-section-no wpr-equal-height-no exad-sticky-section-no\" data-id=\"6ac85b2\" data-element_type=\"section\" data-e-type=\"section\" data-settings=\"{&quot;background_background&quot;:&quot;classic&quot;,&quot;_ha_eqh_enable&quot;:false}\">\n\t\t\t\t\t\t<div class=\"elementor-container elementor-column-gap-default\">\n\t\t\t\t\t<div class=\"elementor-column elementor-col-100 elementor-top-column elementor-element elementor-element-3750d2f exad-glass-effect-no exad-sticky-section-no\" data-id=\"3750d2f\" data-element_type=\"column\" data-e-type=\"column\">\n\t\t\t<div class=\"elementor-widget-wrap elementor-element-populated\">\n\t\t\t\t\t\t<div class=\"elementor-element elementor-element-54bf2ca exad-sticky-section-no exad-glass-effect-no elementor-widget elementor-widget-spacer\" data-id=\"54bf2ca\" data-element_type=\"widget\" data-e-type=\"widget\" data-widget_type=\"spacer.default\">\n\t\t\t\t<div class=\"elementor-widget-container\">\n\t\t\t\t\t\t\t<div class=\"elementor-spacer\">\n\t\t\t<div class=\"elementor-spacer-inner\"><\/div>\n\t\t<\/div>\n\t\t\t\t\t\t<\/div>\n\t\t\t\t<\/div>\n\t\t\t\t\t<\/div>\n\t\t<\/div>\n\t\t\t\t\t<\/div>\n\t\t<\/section>\n\t\t\t\t<section class=\"elementor-section elementor-top-section elementor-element elementor-element-64bac1d elementor-section-boxed elementor-section-height-default elementor-section-height-default exad-glass-effect-no wpr-particle-no wpr-jarallax-no wpr-parallax-no wpr-sticky-section-no wpr-equal-height-no exad-sticky-section-no\" data-id=\"64bac1d\" data-element_type=\"section\" data-e-type=\"section\" data-settings=\"{&quot;_ha_eqh_enable&quot;:false}\">\n\t\t\t\t\t\t<div class=\"elementor-container elementor-column-gap-default\">\n\t\t\t\t\t<div class=\"elementor-column elementor-col-100 elementor-top-column elementor-element elementor-element-f71f25b exad-glass-effect-no exad-sticky-section-no\" data-id=\"f71f25b\" data-element_type=\"column\" data-e-type=\"column\">\n\t\t\t<div class=\"elementor-widget-wrap elementor-element-populated\">\n\t\t\t\t\t\t<div class=\"elementor-element elementor-element-51243bc animated-fast exad-sticky-section-no exad-glass-effect-no elementor-invisible elementor-widget elementor-widget-heading\" data-id=\"51243bc\" data-element_type=\"widget\" data-e-type=\"widget\" data-settings=\"{&quot;_animation&quot;:&quot;fadeInLeft&quot;}\" data-widget_type=\"heading.default\">\n\t\t\t\t<div class=\"elementor-widget-container\">\n\t\t\t\t\t<h2 class=\"elementor-heading-title elementor-size-default\">Pel\u00edcula pl\u00e1stica de grado alimenticio.<\/h2>\t\t\t\t<\/div>\n\t\t\t\t<\/div>\n\t\t\t\t<div class=\"elementor-element elementor-element-928f029 exad-sticky-section-no exad-glass-effect-no elementor-widget elementor-widget-heading\" data-id=\"928f029\" data-element_type=\"widget\" data-e-type=\"widget\" data-widget_type=\"heading.default\">\n\t\t\t\t<div class=\"elementor-widget-container\">\n\t\t\t\t\t<h2 class=\"elementor-heading-title elementor-size-default\">T\u00e9rminos y condiciones promoci\u00f3n emplayadora<\/h2>\t\t\t\t<\/div>\n\t\t\t\t<\/div>\n\t\t\t\t\t<\/div>\n\t\t<\/div>\n\t\t\t\t\t<\/div>\n\t\t<\/section>\n\t\t\t\t<section class=\"elementor-section elementor-top-section elementor-element elementor-element-47400e5 elementor-section-boxed elementor-section-height-default elementor-section-height-default exad-glass-effect-no wpr-particle-no wpr-jarallax-no wpr-parallax-no wpr-sticky-section-no wpr-equal-height-no exad-sticky-section-no\" data-id=\"47400e5\" data-element_type=\"section\" data-e-type=\"section\" data-settings=\"{&quot;_ha_eqh_enable&quot;:false}\">\n\t\t\t\t\t\t<div class=\"elementor-container elementor-column-gap-default\">\n\t\t\t\t\t<div class=\"elementor-column elementor-col-100 elementor-top-column elementor-element elementor-element-3454fb2 exad-glass-effect-no exad-sticky-section-no\" data-id=\"3454fb2\" data-element_type=\"column\" data-e-type=\"column\">\n\t\t\t<div class=\"elementor-widget-wrap elementor-element-populated\">\n\t\t\t\t\t\t<div class=\"elementor-element elementor-element-84a5cf5 elementor-widget__width-initial exad-sticky-section-no exad-glass-effect-no elementor-widget elementor-widget-text-editor\" data-id=\"84a5cf5\" data-element_type=\"widget\" data-e-type=\"widget\" data-widget_type=\"text-editor.default\">\n\t\t\t\t<div class=\"elementor-widget-container\">\n\t\t\t\t\t\t\t\t\t<ul>\n<li><span style=\"color: #352f28;\">V\u00e1lido una emplayadora por promoci\u00f3n y por cliente.<\/span><\/li>\n<li><span style=\"color: #352f28;\">Promoci\u00f3n v\u00e1lida hasta el d\u00eda 1 de diciembre del 2024.<\/span><span style=\"color: #352f28;\"><br><\/span><\/li>\n<li><span style=\"color: #352f28;\">Promoci\u00f3n exclusiva para&nbsp; clientes que realizan su primera compra de una tarima Play\u00e9 BIO.<\/span><span style=\"color: #352f28;\"><br><\/span><\/li>\n<li><span style=\"color: #352f28;\">La promoci\u00f3n expira despu\u00e9s de ser aplicada en la primera compra de la tarima, y no es transferible a futuras compras ni a otros productos.<\/span><span style=\"color: #352f28;\"><br><\/span><\/li>\n<li><span class=\"OYPEnA text-decoration-none text-strikethrough-none\" style=\"color: #352f28;\">Promoci\u00f3n v\u00e1lida para rollos Play\u00e9 BIO, excepto 30&#215;300.<\/span><span style=\"color: #352f28;\"><br><\/span><\/li>\n<\/ul>\t\t\t\t\t\t\t\t<\/div>\n\t\t\t\t<\/div>\n\t\t\t\t\t<\/div>\n\t\t<\/div>\n\t\t\t\t\t<\/div>\n\t\t<\/section>\n\t\t\t\t<section class=\"elementor-section elementor-top-section elementor-element elementor-element-eb4a190 elementor-section-height-min-height elementor-section-boxed elementor-section-height-default elementor-section-items-middle exad-glass-effect-no wpr-particle-no wpr-jarallax-no wpr-parallax-no wpr-sticky-section-no wpr-equal-height-no exad-sticky-section-no\" data-id=\"eb4a190\" data-element_type=\"section\" data-e-type=\"section\" data-settings=\"{&quot;background_background&quot;:&quot;classic&quot;,&quot;_ha_eqh_enable&quot;:false}\">\n\t\t\t\t\t\t<div class=\"elementor-container elementor-column-gap-default\">\n\t\t\t\t\t<div class=\"elementor-column elementor-col-100 elementor-top-column elementor-element elementor-element-5356e88 exad-glass-effect-no exad-sticky-section-no\" data-id=\"5356e88\" data-element_type=\"column\" data-e-type=\"column\">\n\t\t\t<div class=\"elementor-widget-wrap elementor-element-populated\">\n\t\t\t\t\t\t<div class=\"elementor-element elementor-element-34fd735 exad-sticky-section-no exad-glass-effect-no elementor-widget elementor-widget-spacer\" data-id=\"34fd735\" data-element_type=\"widget\" data-e-type=\"widget\" data-widget_type=\"spacer.default\">\n\t\t\t\t<div class=\"elementor-widget-container\">\n\t\t\t\t\t\t\t<div class=\"elementor-spacer\">\n\t\t\t<div class=\"elementor-spacer-inner\"><\/div>\n\t\t<\/div>\n\t\t\t\t\t\t<\/div>\n\t\t\t\t<\/div>\n\t\t\t\t<div class=\"elementor-element elementor-element-7a22bc2 animated-fast exad-sticky-section-no exad-glass-effect-no elementor-invisible elementor-widget elementor-widget-heading\" data-id=\"7a22bc2\" data-element_type=\"widget\" data-e-type=\"widget\" data-settings=\"{&quot;_animation&quot;:&quot;fadeInLeft&quot;}\" data-widget_type=\"heading.default\">\n\t\t\t\t<div class=\"elementor-widget-container\">\n\t\t\t\t\t<h2 class=\"elementor-heading-title elementor-size-default\">Subscribe to our Newsletter<\/h2>\t\t\t\t<\/div>\n\t\t\t\t<\/div>\n\t\t\t\t<div class=\"elementor-element elementor-element-9e551d6 animated-fast exad-sticky-section-no exad-glass-effect-no elementor-invisible elementor-widget elementor-widget-text-editor\" data-id=\"9e551d6\" data-element_type=\"widget\" data-e-type=\"widget\" data-settings=\"{&quot;_animation&quot;:&quot;fadeInLeft&quot;,&quot;_animation_delay&quot;:100}\" data-widget_type=\"text-editor.default\">\n\t\t\t\t<div class=\"elementor-widget-container\">\n\t\t\t\t\t\t\t\t\t<p>Find out first about new products, special offers and sales only by invitation, and special events.<\/p>\t\t\t\t\t\t\t\t<\/div>\n\t\t\t\t<\/div>\n\t\t\t\t<div class=\"elementor-element elementor-element-d87617d wpr-mailchimp-layout-hr exad-sticky-section-no exad-glass-effect-no elementor-widget elementor-widget-wpr-mailchimp\" data-id=\"d87617d\" data-element_type=\"widget\" data-e-type=\"widget\" data-widget_type=\"wpr-mailchimp.default\">\n\t\t\t\t<div class=\"elementor-widget-container\">\n\t\t\t\t\t\n\t\t<form class=\"wpr-mailchimp-form\" id=\"wpr-mailchimp-form-d87617d\" method=\"POST\" data-list-id=\"adc4780f4f\" data-clear-fields=\"\" action=\"\">\n\t\t\t<!-- Form Header -->\n\t\t\t\n\t\t\t<div class=\"wpr-mailchimp-fields\">\n\t\t\t\t<!-- Email Input -->\n\t\t\t\t<div class=\"wpr-mailchimp-email\">\n\t\t\t\t\t\t\t\t\t\t<input type=\"email\" name=\"wpr_mailchimp_email\" placeholder=\"E-Mail\" required=\"required\">\n\t\t\t\t<\/div>\n\n\t\t\t\t<!-- Extra Fields -->\n\t\t\t\t\n\t\t\t\t<!-- Subscribe Button -->\n\t\t\t\t<div class=\"wpr-mailchimp-subscribe\">\n\t\t\t\t\t<button type=\"submit\" id=\"wpr-subscribe-d87617d\" class=\"wpr-mailchimp-subscribe-btn\" data-loading=\"Registrando...\">\n\t\t\t\t  \t\tRegistration\t\t\t\t\t<\/button>\n\t\t\t\t<\/div>\n\t\t\t<\/div>\n\n\t\t\t<!-- Success\/Error Message -->\n\t\t\t<div class=\"wpr-mailchimp-message\">\n\t\t\t\t<span class=\"wpr-mailchimp-success-message\">It has been correctly registered<\/span>\n\t\t\t\t<span class=\"wpr-mailchimp-error-message\">Us! Algo sali\u00f3 mal, vuevle a intentarlo m\u00e1s tarde.<\/span>\n\t\t\t<\/div>\n\t\t<input type=\"hidden\" name=\"trp-form-language\" value=\"en\"\/><\/form>\n\n\t\t\t\t\t\t<\/div>\n\t\t\t\t<\/div>\n\t\t\t\t<div class=\"elementor-element elementor-element-cd1a049 exad-sticky-section-no exad-glass-effect-no elementor-widget elementor-widget-spacer\" data-id=\"cd1a049\" data-element_type=\"widget\" data-e-type=\"widget\" data-widget_type=\"spacer.default\">\n\t\t\t\t<div class=\"elementor-widget-container\">\n\t\t\t\t\t\t\t<div class=\"elementor-spacer\">\n\t\t\t<div class=\"elementor-spacer-inner\"><\/div>\n\t\t<\/div>\n\t\t\t\t\t\t<\/div>\n\t\t\t\t<\/div>\n\t\t\t\t\t<\/div>\n\t\t<\/div>\n\t\t\t\t\t<\/div>\n\t\t<\/section>\n\t\t\t\t<\/div>","protected":false},"excerpt":{"rendered":"<p>Pel\u00edcula pl\u00e1stica de grado alimenticio. T\u00e9rminos y condiciones promoci\u00f3n emplayadora V\u00e1lido una emplayadora por promoci\u00f3n y por cliente. Promoci\u00f3n v\u00e1lida hasta el d\u00eda 1 de diciembre del 2024. Promoci\u00f3n exclusiva para&nbsp; clientes que realizan su primera compra de una tarima Play\u00e9 BIO. La promoci\u00f3n expira despu\u00e9s de ser aplicada en la primera compra de la tarima, y no es transferible a futuras compras ni a otros productos. Promoci\u00f3n v\u00e1lida para rollos Play\u00e9 BIO, excepto 30&#215;300. Suscr\u00edbete a nuestro Newsletter Ent\u00e9rate primero sobre nuevos productos, ofertas y ventas solo por invitaci\u00f3n y eventos especiales. Registro Se ha registrado correctamente Us! Algo sali\u00f3 mal, vuevle a intentarlo m\u00e1s tarde.<\/p>","protected":false},"author":1,"featured_media":2748,"parent":0,"menu_order":0,"comment_status":"closed","ping_status":"closed","template":"","meta":{"content-type":"","site-sidebar-layout":"no-sidebar","site-content-layout":"page-builder","ast-site-content-layout":"","site-content-style":"default","site-sidebar-style":"default","ast-global-header-display":"","ast-banner-title-visibility":"","ast-main-header-display":"","ast-hfb-above-header-display":"","ast-hfb-below-header-display":"","ast-hfb-mobile-header-display":"","site-post-title":"disabled","ast-breadcrumbs-content":"","ast-featured-img":"disabled","footer-sml-layout":"","theme-transparent-header-meta":"","adv-header-id-meta":"","stick-header-meta":"","header-above-stick-meta":"","header-main-stick-meta":"","header-below-stick-meta":"","astra-migrate-meta-layouts":"default","ast-page-background-enabled":"default","ast-page-background-meta":{"desktop":{"background-color":"var(--ast-global-color-4)","background-image":"","background-repeat":"repeat","background-position":"center center","background-size":"auto","background-attachment":"scroll","background-type":"","background-media":"","overlay-type":"","overlay-color":"","overlay-opacity":"","overlay-gradient":""},"tablet":{"background-color":"","background-image":"","background-repeat":"repeat","background-position":"center center","background-size":"auto","background-attachment":"scroll","background-type":"","background-media":"","overlay-type":"","overlay-color":"","overlay-opacity":"","overlay-gradient":""},"mobile":{"background-color":"","background-image":"","background-repeat":"repeat","background-position":"center center","background-size":"auto","background-attachment":"scroll","background-type":"","background-media":"","overlay-type":"","overlay-color":"","overlay-opacity":"","overlay-gradient":""}},"ast-content-background-meta":{"desktop":{"background-color":"var(--ast-global-color-5)","background-image":"","background-repeat":"repeat","background-position":"center center","background-size":"auto","background-attachment":"scroll","background-type":"","background-media":"","overlay-type":"","overlay-color":"","overlay-opacity":"","overlay-gradient":""},"tablet":{"background-color":"var(--ast-global-color-5)","background-image":"","background-repeat":"repeat","background-position":"center center","background-size":"auto","background-attachment":"scroll","background-type":"","background-media":"","overlay-type":"","overlay-color":"","overlay-opacity":"","overlay-gradient":""},"mobile":{"background-color":"var(--ast-global-color-5)","background-image":"","background-repeat":"repeat","background-position":"center center","background-size":"auto","background-attachment":"scroll","background-type":"","background-media":"","overlay-type":"","overlay-color":"","overlay-opacity":"","overlay-gradient":""}},"footnotes":""},"class_list":["post-5228","page","type-page","status-publish","has-post-thumbnail","hentry"],"yoast_head":"<!-- This site is optimized with the Yoast SEO plugin v27.5 - https:\/\/yoast.com\/product\/yoast-seo-wordpress\/ -->\n<title>T\u00e9rminos y condiciones promo emplayadora grado alimenticio - Play\u00e9<\/title>\n<meta name=\"description\" content=\"Pel\u00edcula plastica estirable grado alimenticio 20x1000 . Descubre soluciones de empaque confiables y eficientes.\" \/>\n<meta name=\"robots\" content=\"index, follow, max-snippet:-1, max-image-preview:large, max-video-preview:-1\" \/>\n<link rel=\"canonical\" href=\"https:\/\/playe.mx\/en\/terminos-condiciones-emplayadora\/\" \/>\n<meta property=\"og:locale\" content=\"en_US\" \/>\n<meta property=\"og:type\" content=\"article\" \/>\n<meta property=\"og:title\" content=\"T\u00e9rminos y condiciones promo emplayadora grado alimenticio - Play\u00e9\" \/>\n<meta property=\"og:description\" content=\"Pel\u00edcula plastica estirable grado alimenticio 20x1000 . Descubre soluciones de empaque confiables y eficientes.\" \/>\n<meta property=\"og:url\" content=\"https:\/\/playe.mx\/en\/terminos-condiciones-emplayadora\/\" \/>\n<meta property=\"og:site_name\" content=\"Play\u00e9\" \/>\n<meta property=\"article:publisher\" content=\"https:\/\/www.facebook.com\/PLAYE.MEXICO\" \/>\n<meta property=\"article:modified_time\" content=\"2023-11-13T20:55:38+00:00\" \/>\n<meta property=\"og:image\" content=\"https:\/\/playe.mx\/wp-content\/uploads\/2023\/08\/LOGOS-SIN-FONDO_Mesa-de-trabajo-1.png\" \/>\n\t<meta property=\"og:image:width\" content=\"4167\" \/>\n\t<meta property=\"og:image:height\" content=\"1667\" \/>\n\t<meta property=\"og:image:type\" content=\"image\/png\" \/>\n<meta name=\"twitter:card\" content=\"summary_large_image\" \/>\n<meta name=\"twitter:label1\" content=\"Est. reading time\" \/>\n\t<meta name=\"twitter:data1\" content=\"1 minute\" \/>\n<script type=\"application\/ld+json\" class=\"yoast-schema-graph\">{\"@context\":\"https:\\\/\\\/schema.org\",\"@graph\":[{\"@type\":\"WebPage\",\"@id\":\"https:\\\/\\\/playe.mx\\\/terminos-condiciones-emplayadora\\\/\",\"url\":\"https:\\\/\\\/playe.mx\\\/terminos-condiciones-emplayadora\\\/\",\"name\":\"T\u00e9rminos y condiciones promo emplayadora grado alimenticio - Play\u00e9\",\"isPartOf\":{\"@id\":\"https:\\\/\\\/playe.mx\\\/#website\"},\"primaryImageOfPage\":{\"@id\":\"https:\\\/\\\/playe.mx\\\/terminos-condiciones-emplayadora\\\/#primaryimage\"},\"image\":{\"@id\":\"https:\\\/\\\/playe.mx\\\/terminos-condiciones-emplayadora\\\/#primaryimage\"},\"thumbnailUrl\":\"https:\\\/\\\/playe.mx\\\/wp-content\\\/uploads\\\/2023\\\/08\\\/LOGOS-SIN-FONDO_Mesa-de-trabajo-1.png\",\"datePublished\":\"2023-11-13T20:49:46+00:00\",\"dateModified\":\"2023-11-13T20:55:38+00:00\",\"description\":\"Pel\u00edcula plastica estirable grado alimenticio 20x1000 . Descubre soluciones de empaque confiables y eficientes.\",\"breadcrumb\":{\"@id\":\"https:\\\/\\\/playe.mx\\\/terminos-condiciones-emplayadora\\\/#breadcrumb\"},\"inLanguage\":\"en-US\",\"potentialAction\":[{\"@type\":\"ReadAction\",\"target\":[\"https:\\\/\\\/playe.mx\\\/terminos-condiciones-emplayadora\\\/\"]}]},{\"@type\":\"ImageObject\",\"inLanguage\":\"en-US\",\"@id\":\"https:\\\/\\\/playe.mx\\\/terminos-condiciones-emplayadora\\\/#primaryimage\",\"url\":\"https:\\\/\\\/playe.mx\\\/wp-content\\\/uploads\\\/2023\\\/08\\\/LOGOS-SIN-FONDO_Mesa-de-trabajo-1.png\",\"contentUrl\":\"https:\\\/\\\/playe.mx\\\/wp-content\\\/uploads\\\/2023\\\/08\\\/LOGOS-SIN-FONDO_Mesa-de-trabajo-1.png\",\"width\":4167,\"height\":1667,\"caption\":\"pelicula plastica de grado alimenticio play\u00e9 quienes somos\"},{\"@type\":\"BreadcrumbList\",\"@id\":\"https:\\\/\\\/playe.mx\\\/terminos-condiciones-emplayadora\\\/#breadcrumb\",\"itemListElement\":[{\"@type\":\"ListItem\",\"position\":1,\"name\":\"Inicio\",\"item\":\"https:\\\/\\\/playe.mx\\\/\"},{\"@type\":\"ListItem\",\"position\":2,\"name\":\"T\u00e9rminos y condiciones promo emplayadora\"}]},{\"@type\":\"WebSite\",\"@id\":\"https:\\\/\\\/playe.mx\\\/#website\",\"url\":\"https:\\\/\\\/playe.mx\\\/\",\"name\":\"Play\u00e9 Pel\u00edcula Pl\u00e1stica de Grado Alimenticio\",\"description\":\"Fabricantes Mexicanos de pel\u00edcula pl\u00e1stica de grado alimenticio.\",\"publisher\":{\"@id\":\"https:\\\/\\\/playe.mx\\\/#organization\"},\"alternateName\":\"Play\u00e9-Siempre Envolver\",\"potentialAction\":[{\"@type\":\"SearchAction\",\"target\":{\"@type\":\"EntryPoint\",\"urlTemplate\":\"https:\\\/\\\/playe.mx\\\/?s={search_term_string}\"},\"query-input\":{\"@type\":\"PropertyValueSpecification\",\"valueRequired\":true,\"valueName\":\"search_term_string\"}}],\"inLanguage\":\"en-US\"},{\"@type\":\"Organization\",\"@id\":\"https:\\\/\\\/playe.mx\\\/#organization\",\"name\":\"Play\u00e9\",\"alternateName\":\"Fabricantes de pel\u00edcula pl\u00e1stica\",\"url\":\"https:\\\/\\\/playe.mx\\\/\",\"logo\":{\"@type\":\"ImageObject\",\"inLanguage\":\"en-US\",\"@id\":\"https:\\\/\\\/playe.mx\\\/#\\\/schema\\\/logo\\\/image\\\/\",\"url\":\"https:\\\/\\\/playe.mx\\\/wp-content\\\/uploads\\\/2023\\\/06\\\/alt_image_playe.png\",\"contentUrl\":\"https:\\\/\\\/playe.mx\\\/wp-content\\\/uploads\\\/2023\\\/06\\\/alt_image_playe.png\",\"width\":1200,\"height\":676,\"caption\":\"Play\u00e9\"},\"image\":{\"@id\":\"https:\\\/\\\/playe.mx\\\/#\\\/schema\\\/logo\\\/image\\\/\"},\"sameAs\":[\"https:\\\/\\\/www.facebook.com\\\/PLAYE.MEXICO\"]}]}<\/script>\n<!-- \/ Yoast SEO plugin. -->","yoast_head_json":{"title":"T\u00e9rminos y condiciones promo emplayadora grado alimenticio - Play\u00e9","description":"Pel\u00edcula plastica estirable grado alimenticio 20x1000 . Descubre soluciones de empaque confiables y eficientes.","robots":{"index":"index","follow":"follow","max-snippet":"max-snippet:-1","max-image-preview":"max-image-preview:large","max-video-preview":"max-video-preview:-1"},"canonical":"https:\/\/playe.mx\/en\/terminos-condiciones-emplayadora\/","og_locale":"en_US","og_type":"article","og_title":"T\u00e9rminos y condiciones promo emplayadora grado alimenticio - Play\u00e9","og_description":"Pel\u00edcula plastica estirable grado alimenticio 20x1000 . Descubre soluciones de empaque confiables y eficientes.","og_url":"https:\/\/playe.mx\/en\/terminos-condiciones-emplayadora\/","og_site_name":"Play\u00e9","article_publisher":"https:\/\/www.facebook.com\/PLAYE.MEXICO","article_modified_time":"2023-11-13T20:55:38+00:00","og_image":[{"width":4167,"height":1667,"url":"https:\/\/playe.mx\/wp-content\/uploads\/2023\/08\/LOGOS-SIN-FONDO_Mesa-de-trabajo-1.png","type":"image\/png"}],"twitter_card":"summary_large_image","twitter_misc":{"Est. reading time":"1 minute"},"schema":{"@context":"https:\/\/schema.org","@graph":[{"@type":"WebPage","@id":"https:\/\/playe.mx\/terminos-condiciones-emplayadora\/","url":"https:\/\/playe.mx\/terminos-condiciones-emplayadora\/","name":"T\u00e9rminos y condiciones promo emplayadora grado alimenticio - Play\u00e9","isPartOf":{"@id":"https:\/\/playe.mx\/#website"},"primaryImageOfPage":{"@id":"https:\/\/playe.mx\/terminos-condiciones-emplayadora\/#primaryimage"},"image":{"@id":"https:\/\/playe.mx\/terminos-condiciones-emplayadora\/#primaryimage"},"thumbnailUrl":"https:\/\/playe.mx\/wp-content\/uploads\/2023\/08\/LOGOS-SIN-FONDO_Mesa-de-trabajo-1.png","datePublished":"2023-11-13T20:49:46+00:00","dateModified":"2023-11-13T20:55:38+00:00","description":"Pel\u00edcula plastica estirable grado alimenticio 20x1000 . Descubre soluciones de empaque confiables y eficientes.","breadcrumb":{"@id":"https:\/\/playe.mx\/terminos-condiciones-emplayadora\/#breadcrumb"},"inLanguage":"en-US","potentialAction":[{"@type":"ReadAction","target":["https:\/\/playe.mx\/terminos-condiciones-emplayadora\/"]}]},{"@type":"ImageObject","inLanguage":"en-US","@id":"https:\/\/playe.mx\/terminos-condiciones-emplayadora\/#primaryimage","url":"https:\/\/playe.mx\/wp-content\/uploads\/2023\/08\/LOGOS-SIN-FONDO_Mesa-de-trabajo-1.png","contentUrl":"https:\/\/playe.mx\/wp-content\/uploads\/2023\/08\/LOGOS-SIN-FONDO_Mesa-de-trabajo-1.png","width":4167,"height":1667,"caption":"pelicula plastica de grado alimenticio play\u00e9 quienes somos"},{"@type":"BreadcrumbList","@id":"https:\/\/playe.mx\/terminos-condiciones-emplayadora\/#breadcrumb","itemListElement":[{"@type":"ListItem","position":1,"name":"Inicio","item":"https:\/\/playe.mx\/"},{"@type":"ListItem","position":2,"name":"T\u00e9rminos y condiciones promo emplayadora"}]},{"@type":"WebSite","@id":"https:\/\/playe.mx\/#website","url":"https:\/\/playe.mx\/","name":"Play\u00e9 Pel\u00edcula Pl\u00e1stica de Grado Alimenticio","description":"Fabricantes Mexicanos de pel\u00edcula pl\u00e1stica de grado alimenticio.","publisher":{"@id":"https:\/\/playe.mx\/#organization"},"alternateName":"Play\u00e9-Siempre Envolver","potentialAction":[{"@type":"SearchAction","target":{"@type":"EntryPoint","urlTemplate":"https:\/\/playe.mx\/?s={search_term_string}"},"query-input":{"@type":"PropertyValueSpecification","valueRequired":true,"valueName":"search_term_string"}}],"inLanguage":"en-US"},{"@type":"Organization","@id":"https:\/\/playe.mx\/#organization","name":"Play\u00e9","alternateName":"Fabricantes de pel\u00edcula pl\u00e1stica","url":"https:\/\/playe.mx\/","logo":{"@type":"ImageObject","inLanguage":"en-US","@id":"https:\/\/playe.mx\/#\/schema\/logo\/image\/","url":"https:\/\/playe.mx\/wp-content\/uploads\/2023\/06\/alt_image_playe.png","contentUrl":"https:\/\/playe.mx\/wp-content\/uploads\/2023\/06\/alt_image_playe.png","width":1200,"height":676,"caption":"Play\u00e9"},"image":{"@id":"https:\/\/playe.mx\/#\/schema\/logo\/image\/"},"sameAs":["https:\/\/www.facebook.com\/PLAYE.MEXICO"]}]}},"_links":{"self":[{"href":"https:\/\/playe.mx\/en\/wp-json\/wp\/v2\/pages\/5228","targetHints":{"allow":["GET"]}}],"collection":[{"href":"https:\/\/playe.mx\/en\/wp-json\/wp\/v2\/pages"}],"about":[{"href":"https:\/\/playe.mx\/en\/wp-json\/wp\/v2\/types\/page"}],"author":[{"embeddable":true,"href":"https:\/\/playe.mx\/en\/wp-json\/wp\/v2\/users\/1"}],"replies":[{"embeddable":true,"href":"https:\/\/playe.mx\/en\/wp-json\/wp\/v2\/comments?post=5228"}],"version-history":[{"count":10,"href":"https:\/\/playe.mx\/en\/wp-json\/wp\/v2\/pages\/5228\/revisions"}],"predecessor-version":[{"id":5239,"href":"https:\/\/playe.mx\/en\/wp-json\/wp\/v2\/pages\/5228\/revisions\/5239"}],"wp:featuredmedia":[{"embeddable":true,"href":"https:\/\/playe.mx\/en\/wp-json\/wp\/v2\/media\/2748"}],"wp:attachment":[{"href":"https:\/\/playe.mx\/en\/wp-json\/wp\/v2\/media?parent=5228"}],"curies":[{"name":"wp","href":"https:\/\/api.w.org\/{rel}","templated":true}]}}